{"id":64,"date":"2021-05-19T22:03:46","date_gmt":"2021-05-19T20:03:46","guid":{"rendered":"http:\/\/haiku.hinz.fr\/index.php\/newsletter\/"},"modified":"2021-05-22T20:52:15","modified_gmt":"2021-05-22T18:52:15","slug":"newsletter","status":"publish","type":"page","link":"https:\/\/haiku.hinz.fr\/index.php\/newsletter\/","title":{"rendered":"Newsletter"},"content":{"rendered":"\n<div style=\"padding:20px\" class=\"wp-block-tnp-minimal\"><p>Abonnez vous \u00e0 ma newsletter! Vous serez inform\u00e9 \u00e0 chaque nouvelle publication!<\/p><div><div class=\"tnp tnp-subscription-minimal \"><form action=\"https:\/\/haiku.hinz.fr\/?na=s\" method=\"post\"><input type=\"hidden\" name=\"nr\" value=\"minimal\"><input type=\"hidden\" name=\"nlang\" value=\"\"><input class=\"tnp-email\" type=\"email\" required name=\"ne\" value=\"\" placeholder=\"Email\"><input class=\"tnp-submit\" type=\"submit\" value=\"S&#039;abonner\" style=\"background-color:\"><div class=\"tnp-field tnp-privacy-field\"><label><input type=\"checkbox\" name=\"ny\" required class=\"tnp-privacy\">&nbsp;En continuant, vous acceptez la politique de confidentialit\u00e9<\/label><\/div><\/form><\/div>\n<\/div><\/div>\n","protected":false},"excerpt":{"rendered":"","protected":false},"author":1,"featured_media":0,"parent":0,"menu_order":0,"comment_status":"closed","ping_status":"closed","template":"","meta":[],"yoast_head":"<!-- This site is optimized with the Yoast SEO plugin v18.6 - https:\/\/yoast.com\/wordpress\/plugins\/seo\/ -->\n<title>Newsletter - Chaque jour une photo nature et un Ha\u00efku<\/title>\n<meta name=\"robots\" content=\"index, follow, max-snippet:-1, max-image-preview:large, max-video-preview:-1\" \/>\n<link rel=\"canonical\" href=\"https:\/\/haiku.hinz.fr\/index.php\/newsletter\/\" \/>\n<meta property=\"og:locale\" content=\"fr_FR\" \/>\n<meta property=\"og:type\" content=\"article\" \/>\n<meta property=\"og:title\" content=\"Newsletter - Chaque jour une photo nature et un Ha\u00efku\" \/>\n<meta property=\"og:url\" content=\"https:\/\/haiku.hinz.fr\/index.php\/newsletter\/\" \/>\n<meta property=\"og:site_name\" content=\"Chaque jour une photo nature et un Ha\u00efku\" \/>\n<meta property=\"article:modified_time\" content=\"2021-05-22T18:52:15+00:00\" \/>\n<meta name=\"twitter:card\" content=\"summary_large_image\" \/>\n<meta name=\"twitter:label1\" content=\"Dur\u00e9e de lecture estim\u00e9e\" \/>\n\t<meta name=\"twitter:data1\" content=\"1 minute\" \/>\n<script type=\"application\/ld+json\" class=\"yoast-schema-graph\">{\"@context\":\"https:\/\/schema.org\",\"@graph\":[{\"@type\":[\"Person\",\"Organization\"],\"@id\":\"https:\/\/haiku.hinz.fr\/#\/schema\/person\/d3dd66eb23ff37a07f0b4cade134d844\",\"name\":\"admin\",\"image\":{\"@type\":\"ImageObject\",\"@id\":\"https:\/\/haiku.hinz.fr\/#personlogo\",\"inLanguage\":\"fr-FR\",\"url\":\"https:\/\/secure.gravatar.com\/avatar\/8f0a0487ef5655579a1ff415890851ed?s=96&d=mm&r=g\",\"contentUrl\":\"https:\/\/secure.gravatar.com\/avatar\/8f0a0487ef5655579a1ff415890851ed?s=96&d=mm&r=g\",\"caption\":\"admin\"},\"logo\":{\"@id\":\"https:\/\/haiku.hinz.fr\/#personlogo\"},\"sameAs\":[\"https:\/\/haiku.hinz.fr\"]},{\"@type\":\"WebSite\",\"@id\":\"https:\/\/haiku.hinz.fr\/#website\",\"url\":\"https:\/\/haiku.hinz.fr\/\",\"name\":\"Chaque jour une photo nature et un Ha\u00efku\",\"description\":\"\",\"publisher\":{\"@id\":\"https:\/\/haiku.hinz.fr\/#\/schema\/person\/d3dd66eb23ff37a07f0b4cade134d844\"},\"potentialAction\":[{\"@type\":\"SearchAction\",\"target\":{\"@type\":\"EntryPoint\",\"urlTemplate\":\"https:\/\/haiku.hinz.fr\/?s={search_term_string}\"},\"query-input\":\"required name=search_term_string\"}],\"inLanguage\":\"fr-FR\"},{\"@type\":\"WebPage\",\"@id\":\"https:\/\/haiku.hinz.fr\/index.php\/newsletter\/#webpage\",\"url\":\"https:\/\/haiku.hinz.fr\/index.php\/newsletter\/\",\"name\":\"Newsletter - Chaque jour une photo nature et un Ha\u00efku\",\"isPartOf\":{\"@id\":\"https:\/\/haiku.hinz.fr\/#website\"},\"datePublished\":\"2021-05-19T20:03:46+00:00\",\"dateModified\":\"2021-05-22T18:52:15+00:00\",\"breadcrumb\":{\"@id\":\"https:\/\/haiku.hinz.fr\/index.php\/newsletter\/#breadcrumb\"},\"inLanguage\":\"fr-FR\",\"potentialAction\":[{\"@type\":\"ReadAction\",\"target\":[\"https:\/\/haiku.hinz.fr\/index.php\/newsletter\/\"]}]},{\"@type\":\"BreadcrumbList\",\"@id\":\"https:\/\/haiku.hinz.fr\/index.php\/newsletter\/#breadcrumb\",\"itemListElement\":[{\"@type\":\"ListItem\",\"position\":1,\"name\":\"Accueil\",\"item\":\"https:\/\/haiku.hinz.fr\/\"},{\"@type\":\"ListItem\",\"position\":2,\"name\":\"Newsletter\"}]}]}<\/script>\n<!-- \/ Yoast SEO plugin. -->","yoast_head_json":{"title":"Newsletter - Chaque jour une photo nature et un Ha\u00efku","robots":{"index":"index","follow":"follow","max-snippet":"max-snippet:-1","max-image-preview":"max-image-preview:large","max-video-preview":"max-video-preview:-1"},"canonical":"https:\/\/haiku.hinz.fr\/index.php\/newsletter\/","og_locale":"fr_FR","og_type":"article","og_title":"Newsletter - Chaque jour une photo nature et un Ha\u00efku","og_url":"https:\/\/haiku.hinz.fr\/index.php\/newsletter\/","og_site_name":"Chaque jour une photo nature et un Ha\u00efku","article_modified_time":"2021-05-22T18:52:15+00:00","twitter_card":"summary_large_image","twitter_misc":{"Dur\u00e9e de lecture estim\u00e9e":"1 minute"},"schema":{"@context":"https:\/\/schema.org","@graph":[{"@type":["Person","Organization"],"@id":"https:\/\/haiku.hinz.fr\/#\/schema\/person\/d3dd66eb23ff37a07f0b4cade134d844","name":"admin","image":{"@type":"ImageObject","@id":"https:\/\/haiku.hinz.fr\/#personlogo","inLanguage":"fr-FR","url":"https:\/\/secure.gravatar.com\/avatar\/8f0a0487ef5655579a1ff415890851ed?s=96&d=mm&r=g","contentUrl":"https:\/\/secure.gravatar.com\/avatar\/8f0a0487ef5655579a1ff415890851ed?s=96&d=mm&r=g","caption":"admin"},"logo":{"@id":"https:\/\/haiku.hinz.fr\/#personlogo"},"sameAs":["https:\/\/haiku.hinz.fr"]},{"@type":"WebSite","@id":"https:\/\/haiku.hinz.fr\/#website","url":"https:\/\/haiku.hinz.fr\/","name":"Chaque jour une photo nature et un Ha\u00efku","description":"","publisher":{"@id":"https:\/\/haiku.hinz.fr\/#\/schema\/person\/d3dd66eb23ff37a07f0b4cade134d844"},"potentialAction":[{"@type":"SearchAction","target":{"@type":"EntryPoint","urlTemplate":"https:\/\/haiku.hinz.fr\/?s={search_term_string}"},"query-input":"required name=search_term_string"}],"inLanguage":"fr-FR"},{"@type":"WebPage","@id":"https:\/\/haiku.hinz.fr\/index.php\/newsletter\/#webpage","url":"https:\/\/haiku.hinz.fr\/index.php\/newsletter\/","name":"Newsletter - Chaque jour une photo nature et un Ha\u00efku","isPartOf":{"@id":"https:\/\/haiku.hinz.fr\/#website"},"datePublished":"2021-05-19T20:03:46+00:00","dateModified":"2021-05-22T18:52:15+00:00","breadcrumb":{"@id":"https:\/\/haiku.hinz.fr\/index.php\/newsletter\/#breadcrumb"},"inLanguage":"fr-FR","potentialAction":[{"@type":"ReadAction","target":["https:\/\/haiku.hinz.fr\/index.php\/newsletter\/"]}]},{"@type":"BreadcrumbList","@id":"https:\/\/haiku.hinz.fr\/index.php\/newsletter\/#breadcrumb","itemListElement":[{"@type":"ListItem","position":1,"name":"Accueil","item":"https:\/\/haiku.hinz.fr\/"},{"@type":"ListItem","position":2,"name":"Newsletter"}]}]}},"_links":{"self":[{"href":"https:\/\/haiku.hinz.fr\/index.php\/wp-json\/wp\/v2\/pages\/64"}],"collection":[{"href":"https:\/\/haiku.hinz.fr\/index.php\/wp-json\/wp\/v2\/pages"}],"about":[{"href":"https:\/\/haiku.hinz.fr\/index.php\/wp-json\/wp\/v2\/types\/page"}],"author":[{"embeddable":true,"href":"https:\/\/haiku.hinz.fr\/index.php\/wp-json\/wp\/v2\/users\/1"}],"replies":[{"embeddable":true,"href":"https:\/\/haiku.hinz.fr\/index.php\/wp-json\/wp\/v2\/comments?post=64"}],"version-history":[{"count":2,"href":"https:\/\/haiku.hinz.fr\/index.php\/wp-json\/wp\/v2\/pages\/64\/revisions"}],"predecessor-version":[{"id":155,"href":"https:\/\/haiku.hinz.fr\/index.php\/wp-json\/wp\/v2\/pages\/64\/revisions\/155"}],"wp:attachment":[{"href":"https:\/\/haiku.hinz.fr\/index.php\/wp-json\/wp\/v2\/media?parent=64"}],"curies":[{"name":"wp","href":"https:\/\/api.w.org\/{rel}","templated":true}]}}